{"id":3,"date":"2024-04-24T23:52:59","date_gmt":"2024-04-24T23:52:59","guid":{"rendered":"http:\/\/husbandsforrentofficial.com\/?page_id=3"},"modified":"2024-06-27T06:38:00","modified_gmt":"2024-06-27T06:38:00","slug":"contract","status":"publish","type":"page","link":"https:\/\/husbandsforrentofficial.com\/es\/contract\/","title":{"rendered":"Responsibility Contract for Basic Home Maintenance Service in Miami"},"content":{"rendered":"<p><strong><strong><strong>Partes Involucradas:<\/strong><\/strong><\/strong><\/p><p><strong>Proveedor de Servicio de Mantenimiento:<\/strong> Husbands for rent LLC<\/p><p class=\"translation-block\">Cliente: [Nombre de cliente]<\/p><p><strong>Servicios a Prestar:<\/strong><\/p><p>El Proveedor de Servicio de Mantenimiento se compromete a realizar servicios de mantenimiento b\u00e1sico en el hogar del Cliente, incluyendo, pero no limitado a, reparaciones menores seg\u00fan lo solicitado por el Cliente.<\/p><p><strong><strong>Responsabilidades del Proveedor de Servicio:<\/strong><\/strong><\/p><ol><li>Realizar los servicios de mantenimiento de manera profesional y con la debida diligencia.<\/li>\n\n<li>Utilizar materiales y herramientas adecuadas y de calidad para los servicios prestados.<\/li>\n\n<li>Cumplir con los tiempos acordados para la prestaci\u00f3n de los servicios.<\/li>\n\n<li>Informar al Cliente de cualquier hallazgo relevante durante la ejecuci\u00f3n de los servicios.<\/li><\/ol><p><strong><strong>Responsabilidades del Cliente:<\/strong><\/strong><\/p><ol><li>Proporcionar acceso seguro y adecuado al hogar para la realizaci\u00f3n de los servicios de mantenimiento.<\/li>\n\n<li>Informar al Proveedor de cualquier situaci\u00f3n especial o necesidad espec\u00edfica en el hogar.<\/li>\n\n<li>Pagar los honorarios acordados por los servicios prestados en la fecha establecida.<\/li><\/ol><p><strong><strong>Limitaci\u00f3n de Responsabilidad:<\/strong><\/strong><\/p><p>El Proveedor de Servicio de Mantenimiento no ser\u00e1 responsable por da\u00f1os causados por circunstancias fuera de su control, tales como desastres naturales, actos de vandalismo o negligencia por parte del Cliente.<\/p><p><strong><strong>Ley Aplicable:<\/strong><\/strong><\/p><p>Este contrato se rige por las leyes del estado de Florida y, en particular, por las leyes del condado de Miami-Dade.<\/p><p><strong><strong>Licencias y Permisos:<\/strong><\/strong><\/p><p>Si se requieren licencias y permisos para el trabajo a realizar, se elaborar\u00e1n siguiendo la normativa de cada ciudad o condado. Estos costos ser\u00e1n estimados y ser\u00e1n responsabilidad del cliente. Se recomendar\u00e1 una empresa dedicada a gestionar estos permisos y licencias, quienes se encargar\u00e1n del proceso. Estos costos se pagar\u00e1n directamente a la empresa y no est\u00e1n incluidos en el plan.<\/p><p><strong><strong><strong>Notificaci\u00f3n sobre Instalaciones Antiguas:<\/strong><\/strong><\/strong><\/p><p>Si la instalaci\u00f3n, aparato o electrodom\u00e9stico es antiguo, antes de que el t\u00e9cnico de mantenimiento realice cualquier intervenci\u00f3n lo comunicar\u00e1 por escrito al Cliente. La autorizaci\u00f3n para proceder ser\u00e1 responsabilidad del Cliente, ya que no se puede garantizar que no se produzcan da\u00f1os adicionales debido a la antig\u00fcedad de la instalaci\u00f3n, que podr\u00edan suponer un trabajo m\u00e1s extenso.<\/p><p><strong>Firma de las Partes:<\/strong><\/p><hr class=\"wp-block-separator has-alpha-channel-opacity\"\/><p>Proveedor de Servicio de Mantenimiento: <strong><em><strong><em>________________<\/em><\/strong><\/em><\/strong><\/p><hr class=\"wp-block-separator has-alpha-channel-opacity\"\/><p>Cliente: <strong><em><strong><em>________________<\/em><\/strong><\/em><\/strong><\/p>","protected":false},"excerpt":{"rendered":"<p>Parties Involved: Maintenance Service Provider: Husbands for rent LLC Client: [Client Name] Service to Be Provided: The Maintenance Service Provider agrees to perform basic maintenance services in the Client&#8217;s home, including, but not limited to, minor repairs as requested by the Client. Responsibilities of the Service Provider: Responsibilities of the Client: Limitation of Liability: The &hellip; <a href=\"https:\/\/husbandsforrentofficial.com\/es\/contract\/\" class=\"more-link\">Continue reading <span class=\"screen-reader-text\">Responsibility Contract for Basic Home Maintenance Service in Miami<\/span><\/a><\/p>","protected":false},"author":1,"featured_media":0,"parent":0,"menu_order":0,"comment_status":"closed","ping_status":"closed","template":"","meta":{"_eb_attr":"","footnotes":""},"jetpack_sharing_enabled":true,"_links":{"self":[{"href":"https:\/\/husbandsforrentofficial.com\/es\/wp-json\/wp\/v2\/pages\/3"}],"collection":[{"href":"https:\/\/husbandsforrentofficial.com\/es\/wp-json\/wp\/v2\/pages"}],"about":[{"href":"https:\/\/husbandsforrentofficial.com\/es\/wp-json\/wp\/v2\/types\/page"}],"author":[{"embeddable":true,"href":"https:\/\/husbandsforrentofficial.com\/es\/wp-json\/wp\/v2\/users\/1"}],"replies":[{"embeddable":true,"href":"https:\/\/husbandsforrentofficial.com\/es\/wp-json\/wp\/v2\/comments?post=3"}],"version-history":[{"count":3,"href":"https:\/\/husbandsforrentofficial.com\/es\/wp-json\/wp\/v2\/pages\/3\/revisions"}],"predecessor-version":[{"id":11726,"href":"https:\/\/husbandsforrentofficial.com\/es\/wp-json\/wp\/v2\/pages\/3\/revisions\/11726"}],"wp:attachment":[{"href":"https:\/\/husbandsforrentofficial.com\/es\/wp-json\/wp\/v2\/media?parent=3"}],"curies":[{"name":"wp","href":"https:\/\/api.w.org\/{rel}","templated":true}]}}