{"id":10519,"date":"2024-05-12T18:44:08","date_gmt":"2024-05-12T18:44:08","guid":{"rendered":"https:\/\/husbandsforrentofficial.com\/?post_type=product&#038;p=10519"},"modified":"2024-06-27T05:22:06","modified_gmt":"2024-06-27T05:22:06","slug":"golden-plan-6-months","status":"publish","type":"product","link":"https:\/\/husbandsforrentofficial.com\/es\/producto\/golden-plan-6-months\/","title":{"rendered":"Golden plan 6 months"},"content":{"rendered":"","protected":false},"excerpt":{"rendered":"<h3>ADQUIERE TU PLAN SEMESTRAL Y OBTEN 1 MES GRATIS.<\/h3>\n<h3>Reparaci\u00f3n de sistemas el\u00e9ctricos<\/h3>\n<ul>\n<li>Sistema el\u00e9ctrico<\/li>\n<li>Ventiladores de techo y de escape<\/li>\n<li>Abrepuertas de garaje<\/li>\n<li>Reemplazo de enchufes y tomacorrientes<\/li>\n<li>Cambio de interruptores de luz<\/li>\n<li>Reemplazo de fusibles o disyuntores.<\/li>\n<li>Instalaci\u00f3n de l\u00e1mparas y luces.<\/li>\n<li>Reparaci\u00f3n de cables sueltos o da\u00f1ados.<\/li>\n<li>Resolviendo problemas de conexi\u00f3n a tierra<\/li>\n<li>Reemplazo de cajas de conexiones.<\/li>\n<\/ul>\n<h3>Reparaci\u00f3n de sistemas de plomer\u00eda<\/h3>\n<ul>\n<li>Sistema de fontaner\u00eda<\/li>\n<li>Atoramiento de fontaner\u00eda<\/li>\n<li>Ba\u00f1era de hidromasaje<\/li>\n<li>Triturador de basura<\/li>\n<li>Fugas de agua<\/li>\n<li>Reemplazo de v\u00e1lvulas de cierre de agua.<\/li>\n<\/ul>\n<p>Nota: Si la instalaci\u00f3n es antigua, el t\u00e9cnico notificar\u00e1 al cliente por escrito antes de realizar cualquier trabajo, solicitando autorizaci\u00f3n bajo la responsabilidad del cliente. No podemos garantizar que no ocurran da\u00f1os adicionales debido a la antig\u00fcedad de la instalaci\u00f3n, lo cual podr\u00eda resultar en un trabajo m\u00e1s extenso.<\/p>\n<h3>Reparaci\u00f3n de sistema de aire acondicionado<\/h3>\n<ul>\n<li>Sistema de aire acondicionado<\/li>\n<li>Sistema de calefacci\u00f3n<\/li>\n<li>Sistema de conductos<\/li>\n<\/ul>\n<p>Nota: El plano s\u00f3lo incluye el diagn\u00f3stico del sistema de aire acondicionado y el presupuesto del trabajo a realizar.<\/p>\n<div class=\"elementor-element elementor-element-e95031f e-flex e-con-boxed e-con e-parent e-lazyloaded\" data-id=\"e95031f\" data-element_type=\"container\">\n<div class=\"e-con-inner\">\n<div class=\"elementor-element elementor-element-1f307a6 elementor-widget elementor-widget-shortcode\" data-id=\"1f307a6\" data-element_type=\"widget\" data-widget_type=\"shortcode.default\">\n<div class=\"elementor-widget-container\">\n<div class=\"elementor-shortcode\">\n<div class=\"container service_style1 wlsbp-service-9346\">\n<div class=\"row\">\n<div class=\"wlsbp col-md-6 col-sm-6 sbp_grid\">\n<div class=\"ServiceShowcase wlsbp-style1-service-bg-color-9346\">\n<h3 class=\"wlsbp-style1-service-title wlsbp-style1-service-title-9346\">20% OFF ON CONSTRUCTION AND REMODELING DESCOUNTS<\/h3>\n<\/div>\n<\/div>\n<\/div>\n<\/div>\n<\/div>\n<\/div>\n<\/div>\n<\/div>\n<\/div>","protected":false},"featured_media":11314,"template":"","meta":{"_eb_attr":""},"product_cat":[15],"product_tag":[],"jetpack_sharing_enabled":true,"_links":{"self":[{"href":"https:\/\/husbandsforrentofficial.com\/es\/wp-json\/wp\/v2\/product\/10519"}],"collection":[{"href":"https:\/\/husbandsforrentofficial.com\/es\/wp-json\/wp\/v2\/product"}],"about":[{"href":"https:\/\/husbandsforrentofficial.com\/es\/wp-json\/wp\/v2\/types\/product"}],"wp:featuredmedia":[{"embeddable":true,"href":"https:\/\/husbandsforrentofficial.com\/es\/wp-json\/wp\/v2\/media\/11314"}],"wp:attachment":[{"href":"https:\/\/husbandsforrentofficial.com\/es\/wp-json\/wp\/v2\/media?parent=10519"}],"wp:term":[{"taxonomy":"product_cat","embeddable":true,"href":"https:\/\/husbandsforrentofficial.com\/es\/wp-json\/wp\/v2\/product_cat?post=10519"},{"taxonomy":"product_tag","embeddable":true,"href":"https:\/\/husbandsforrentofficial.com\/es\/wp-json\/wp\/v2\/product_tag?post=10519"}],"curies":[{"name":"wp","href":"https:\/\/api.w.org\/{rel}","templated":true}]}}